{"id":60,"date":"2021-01-24T22:55:04","date_gmt":"2021-01-24T21:55:04","guid":{"rendered":"https:\/\/lucic-poezija.net\/ecdl\/?page_id=60"},"modified":"2021-03-21T21:36:42","modified_gmt":"2021-03-21T20:36:42","slug":"o-ecdl-u","status":"publish","type":"page","link":"https:\/\/ecdl.ba\/en\/o-ecdl-u\/","title":{"rendered":"About ECDL"},"content":{"rendered":"<p>European Computer Driving Licence (ECDL) \u2013 Evropski ra\u010dunarski certifikat je me\u0111unarodno priznat certifikat o informati\u010dkoj osposobljenosti. Izvan Evrope to je internacionalni standard i zove se ICDL. To je korisni\u010dki certifikat koji treba posjedovati svaki korisnik personalnog ra\u010dunara.<br>ECDL certifikat je prihva\u0107en u svim zemljama Evropske zajednice kao standard za obrazovanje i provjeru informati\u010dkog znanja korisnika. ECDL je postao univerzalan metod i cilj za dokazivanje osposobljenosti korisnika personalnih ra\u010dunara u svim oblastima.<\/p>\n\n\n\n<p>U svijetu trenutno djeluje vi\u0161e od 15.000 test centara u 132 dr\u017eave na 27 razli\u010ditih jezika.<\/p>\n\n\n\n<p>Koncept ECDL-a podr\u017eavaju: Evropska unija, UNESCO, Svjetska banka, vlade Australije, Austrije, Belgije, Egipta, Estonije, Irske, Nizozemske, Norve\u0161ke, Njema\u010dke, Ma\u0111arske, Italije, \u0160vedske, Jordana, Poljske, itd\u2026<\/p>\n\n\n\n<p>Mnoge zemlje su prihvatile ECDL certifikat kao standard kojim se dokazuje znanje i vje\u0161tina u radu s personalnim ra\u010dunarima zbog toga \u0161to:<\/p>\n\n\n\n<ul class=\"wp-block-list\"><li>ECDL BiH\u00a0predstavlja osnove ra\u010dunarskih vje\u0161tina namijenjene svim korisnicima<\/li><li>pove\u0107ava informati\u010dku pismenost u dru\u0161tvu<\/li><li>predstavlja model za obrazovanje i provjeru znanja u informatici<\/li><li>olak\u0161ava aktivno u\u010de\u0161\u0107e u informati\u010dkom dru\u0161tvu<\/li><\/ul>","protected":false},"excerpt":{"rendered":"<p>European Computer Driving Licence (ECDL) \u2013 Evropski ra\u010dunarski certifikat je me\u0111unarodno priznat certifikat o informati\u010dkoj osposobljenosti. Izvan Evrope to je internacionalni standard i zove se ICDL. To je korisni\u010dki certifikat koji treba posjedovati svaki korisnik personalnog ra\u010dunara.ECDL certifikat je prihva\u0107en u svim zemljama Evropske zajednice kao standard za obrazovanje i provjeru informati\u010dkog znanja korisnika. ECDL [&hellip;]<\/p>","protected":false},"author":1,"featured_media":0,"parent":0,"menu_order":0,"comment_status":"closed","ping_status":"closed","template":"","meta":{"footnotes":""},"class_list":["post-60","page","type-page","status-publish","hentry"],"_links":{"self":[{"href":"https:\/\/ecdl.ba\/en\/wp-json\/wp\/v2\/pages\/60","targetHints":{"allow":["GET"]}}],"collection":[{"href":"https:\/\/ecdl.ba\/en\/wp-json\/wp\/v2\/pages"}],"about":[{"href":"https:\/\/ecdl.ba\/en\/wp-json\/wp\/v2\/types\/page"}],"author":[{"embeddable":true,"href":"https:\/\/ecdl.ba\/en\/wp-json\/wp\/v2\/users\/1"}],"replies":[{"embeddable":true,"href":"https:\/\/ecdl.ba\/en\/wp-json\/wp\/v2\/comments?post=60"}],"version-history":[{"count":3,"href":"https:\/\/ecdl.ba\/en\/wp-json\/wp\/v2\/pages\/60\/revisions"}],"predecessor-version":[{"id":277,"href":"https:\/\/ecdl.ba\/en\/wp-json\/wp\/v2\/pages\/60\/revisions\/277"}],"wp:attachment":[{"href":"https:\/\/ecdl.ba\/en\/wp-json\/wp\/v2\/media?parent=60"}],"curies":[{"name":"wp","href":"https:\/\/api.w.org\/{rel}","templated":true}]}}