{"id":558,"date":"2021-12-12T17:43:48","date_gmt":"2021-12-12T16:43:48","guid":{"rendered":"https:\/\/ecdl.ba\/?page_id=558"},"modified":"2021-12-12T17:43:49","modified_gmt":"2021-12-12T16:43:49","slug":"edukacioni-centri-zepce","status":"publish","type":"page","link":"https:\/\/ecdl.ba\/en\/edukacioni-centri-zepce\/","title":{"rendered":"EDUKACIONI CENTRI &#8211; \u017dEP\u010cE"},"content":{"rendered":"<h4 class=\"wp-block-heading\">EDUKACIONI CENTRI \u2013 \u017dEP\u010cE<\/h4>\n\n\n\n<h5 class=\"wp-block-heading\">JU Srednja mje\u0161ovita \u0161kola \u017dep\u010de<\/h5>\n\n\n\n<p>Zagreba\u010dka br. 2, 32230 \u017dep\u010de<br>Tel.: +387 32 881-014; +387 32 881-015<br>E-mail: mail@smszepce.info sms.zepce@tel.net.ba<br>Web: http:\/\/www.smszepce<br>Kontakt osoba: Ivica Peni\u0107<\/p>","protected":false},"excerpt":{"rendered":"<p>EDUKACIONI CENTRI \u2013 \u017dEP\u010cE JU Srednja mje\u0161ovita \u0161kola \u017dep\u010de Zagreba\u010dka br. 2, 32230 \u017dep\u010deTel.: +387 32 881-014; +387 32 881-015E-mail: mail@smszepce.info sms.zepce@tel.net.baWeb: http:\/\/www.smszepceKontakt osoba: Ivica Peni\u0107<\/p>","protected":false},"author":1,"featured_media":0,"parent":0,"menu_order":0,"comment_status":"closed","ping_status":"closed","template":"","meta":{"footnotes":""},"class_list":["post-558","page","type-page","status-publish","hentry"],"_links":{"self":[{"href":"https:\/\/ecdl.ba\/en\/wp-json\/wp\/v2\/pages\/558","targetHints":{"allow":["GET"]}}],"collection":[{"href":"https:\/\/ecdl.ba\/en\/wp-json\/wp\/v2\/pages"}],"about":[{"href":"https:\/\/ecdl.ba\/en\/wp-json\/wp\/v2\/types\/page"}],"author":[{"embeddable":true,"href":"https:\/\/ecdl.ba\/en\/wp-json\/wp\/v2\/users\/1"}],"replies":[{"embeddable":true,"href":"https:\/\/ecdl.ba\/en\/wp-json\/wp\/v2\/comments?post=558"}],"version-history":[{"count":1,"href":"https:\/\/ecdl.ba\/en\/wp-json\/wp\/v2\/pages\/558\/revisions"}],"predecessor-version":[{"id":560,"href":"https:\/\/ecdl.ba\/en\/wp-json\/wp\/v2\/pages\/558\/revisions\/560"}],"wp:attachment":[{"href":"https:\/\/ecdl.ba\/en\/wp-json\/wp\/v2\/media?parent=558"}],"curies":[{"name":"wp","href":"https:\/\/api.w.org\/{rel}","templated":true}]}}