{"id":201,"date":"2021-03-21T18:46:43","date_gmt":"2021-03-21T17:46:43","guid":{"rendered":"https:\/\/lucic-poezija.net\/ecdl\/?page_id=201"},"modified":"2021-03-21T18:46:44","modified_gmt":"2021-03-21T17:46:44","slug":"tabelarno-racunanje-excel","status":"publish","type":"page","link":"https:\/\/ecdl.ba\/en\/tabelarno-racunanje-excel\/","title":{"rendered":"TABELARNO RA\u010cUNANJE (EXCEL)"},"content":{"rendered":"<p>Ovaj modul omogu\u0107ava kandidatima da razumiju koncept tabelarnih ra\u010dunanja i da poka\u017eu sposobnost kori\u0161tenja aplikacija za tabelarno ra\u010dunanje za izradu preciznih analiza.<\/p>\n\n\n\n<p><strong>Po zavr\u0161etku ovog modula kandidat \u0107e biti u mogu\u0107nosti da:<\/strong><\/p>\n\n\n\n<ul class=\"wp-block-list\"><li>Radi sa aplikacijama za tabelarno ra\u010dunanje i da ih \u010duva u razli\u010ditim formatima file-a<\/li><li>Koristi ugra\u0111ene opcije, kao \u0161to je opcija pomo\u0107i, za pove\u0107anje produktivnosti<\/li><li>Unosi podatke u \u0107elije<\/li><li>Kreira liste<\/li><li>Izabere, sortira, kopira i bri\u0161e podatke<\/li><li>Izmjeni redove i kolone u radnim listovima<\/li><li>Kopira, bri\u0161e i mjenja naziv radnog lista<\/li><li>Kreira matemati\u010dke i logi\u010dke formule koriste\u0107i standardne funkcije<\/li><li>Prepozna gre\u0161ke u formulama<\/li><li>Formatira brojeve i tekst sadr\u017ean u radnim listovima<\/li><li>Izabere, kreira, formatira grafikone<\/li><li>Pode\u0161ava stranice tabelarnih ra\u010dunanja<\/li><li>\u0160tampa.<\/li><\/ul>\n\n\n\n<p><strong>Koje su prednosti ovog modula?<\/strong><\/p>\n\n\n\n<ul class=\"wp-block-list\"><li>Pokriva sve klju\u010dne vje\u0161tine potrebne za kori\u0161tenje tabelarnih ra\u010dunanja<\/li><li>Ste\u010dene vje\u0161tine se mogu primjeniti na sve programe za tabelarno ra\u010dunanje, od vendorskih paketa do besplatnih programa.<\/li><li>Potvr\u0111uje praksu o efikasnom kori\u0161tenju programa za tabelarno ra\u010dunanje<\/li><li>Razvijen od strane korisnika ra\u010dunara, eksperata i profesionalaca \u0161irom svjeta.<\/li><\/ul>\n\n\n\n<p><strong>Pregled nastavnog plana:<\/strong><\/p>\n\n\n\n<figure id=\"tablepress-4\" class=\"wp-block-table\"><table><thead><tr><th>Kategorija<\/th><th>Vje\u0161tine<\/th><\/tr><\/thead><tbody><tr><td>Kori\u0161tenje aplikacije<\/td><td>&#8211; Rad u aplikaciji za tabelarno ra\u010dunanje<br>&#8211; Pove\u0107anje produktivnosti<\/td><\/tr><tr><td>\u0106elije<\/td><td>&#8211; Unos, izbir<br>&#8211; Mijenjanje, sortiranje<br>&#8211; Kopiranje, brisanje<\/td><\/tr><tr><td>Upravljanje radnim listovima<\/td><td>&#8211; Redovi i kolone<br>&#8211; Radni listovi<\/td><\/tr><tr><td>Formule i funkcije<\/td><td>&#8211; Aritmeti\u010dke formule<br>&#8211; Funkcije<\/td><\/tr><tr><td>Formatiranje<\/td><td>&#8211; Brojevi\/Datumi<br>&#8211; Sadr\u017eaj<br>&#8211; Poravnanje, efekti za granice<\/td><\/tr><tr><td>Grafikoni<\/td><td>&#8211; Kreiranje<br>&#8211; Modifikovanje<\/td><\/tr><tr><td>Izlazi (Outputs)<\/td><td>&#8211; Pode\u0161avanje<br>&#8211; Provjera i \u0161tampanje<\/td><\/tr><\/tbody><\/table><\/figure>","protected":false},"excerpt":{"rendered":"<p>Ovaj modul omogu\u0107ava kandidatima da razumiju koncept tabelarnih ra\u010dunanja i da poka\u017eu sposobnost kori\u0161tenja aplikacija za tabelarno ra\u010dunanje za izradu preciznih analiza. Po zavr\u0161etku ovog modula kandidat \u0107e biti u mogu\u0107nosti da: Radi sa aplikacijama za tabelarno ra\u010dunanje i da ih \u010duva u razli\u010ditim formatima file-a Koristi ugra\u0111ene opcije, kao \u0161to je opcija pomo\u0107i, za [&hellip;]<\/p>","protected":false},"author":1,"featured_media":0,"parent":0,"menu_order":0,"comment_status":"closed","ping_status":"closed","template":"","meta":{"footnotes":""},"class_list":["post-201","page","type-page","status-publish","hentry"],"_links":{"self":[{"href":"https:\/\/ecdl.ba\/en\/wp-json\/wp\/v2\/pages\/201","targetHints":{"allow":["GET"]}}],"collection":[{"href":"https:\/\/ecdl.ba\/en\/wp-json\/wp\/v2\/pages"}],"about":[{"href":"https:\/\/ecdl.ba\/en\/wp-json\/wp\/v2\/types\/page"}],"author":[{"embeddable":true,"href":"https:\/\/ecdl.ba\/en\/wp-json\/wp\/v2\/users\/1"}],"replies":[{"embeddable":true,"href":"https:\/\/ecdl.ba\/en\/wp-json\/wp\/v2\/comments?post=201"}],"version-history":[{"count":1,"href":"https:\/\/ecdl.ba\/en\/wp-json\/wp\/v2\/pages\/201\/revisions"}],"predecessor-version":[{"id":203,"href":"https:\/\/ecdl.ba\/en\/wp-json\/wp\/v2\/pages\/201\/revisions\/203"}],"wp:attachment":[{"href":"https:\/\/ecdl.ba\/en\/wp-json\/wp\/v2\/media?parent=201"}],"curies":[{"name":"wp","href":"https:\/\/api.w.org\/{rel}","templated":true}]}}