{"id":198,"date":"2021-03-21T18:45:08","date_gmt":"2021-03-21T17:45:08","guid":{"rendered":"https:\/\/lucic-poezija.net\/ecdl\/?page_id=198"},"modified":"2021-03-28T16:17:52","modified_gmt":"2021-03-28T15:17:52","slug":"obrada-teksta-word","status":"publish","type":"page","link":"https:\/\/ecdl.ba\/en\/obrada-teksta-word\/","title":{"rendered":"OBRADA TEKSTA (MS WORD)"},"content":{"rendered":"<p>Ovaj modul defini\u0161e vje\u0161tine za uspje\u0161no obavljanje svakodnevih zadataka koji se odnose na kreiranje, formatiranje i zavr\u0161nu obradu teksta kao \u0161to su pisma, CV i drugi dokumenti.<\/p>\n\n\n\n<p><strong>Po zavr\u0161etku ovog modula kandidat \u0107e biti u mogu\u0107nosti da:<\/strong><\/p>\n\n\n\n<ul class=\"wp-block-list\"><li>Radi sa dokumentima i \u010duva ih u razli\u010ditim formatima<\/li><li>Koristi ugra\u0111ene opcije kao \u0161to je opcija pomo\u0107i, da bi pobolj\u0161ao produktivnost<\/li><li>Kreira i ure\u0111uje dokumenta za slanje<\/li><li>Primeni razli\u010dite formate u dokumentu, kao i da prepozna opcije formatiranja<\/li><li>Unosi tabele, slike i crte\u017ee u dokument<\/li><li>Pripremi dokument za cirkularno pismo<\/li><li>Pode\u0161ava dokumente i strane<\/li><li>Provjeri pravopis<\/li><li>\u0160tampa dokument<\/li><\/ul>\n\n\n\n<p><strong>Koje su prednosti ovog modula?<\/strong><\/p>\n\n\n\n<ul class=\"wp-block-list\"><li>Obuhvata vje\u0161tine potrebne za obradu teksta<\/li><li>Ste\u010dene vje\u0161tine se mogu primjeniti na sve programe za obradu teksta, od vendorskih paketa do besplatnih programa<\/li><li>Potvr\u0111uje praksu u efektivnom kori\u0161tenju programa za obradu teksta<\/li><li>Razvijen u saradnji sa korisnicima ra\u010dunara, ekspertima i profesionalcima iz cijelog svjeta.<\/li><\/ul>\n\n\n\n<p><strong>Pregled nastavnog plana:<\/strong><\/p>\n\n\n\n<figure id=\"tablepress-3\" class=\"wp-block-table\"><table><thead><tr><th>Kategorija<\/th><th>Vje\u0161tine<\/th><\/tr><\/thead><tbody><tr><td>Kori\u0161tenje aplikacije<\/td><td>&#8211; Rad sa dokumentima<br>&#8211; Pove\u0107anje produktivnosti<\/td><\/tr><tr><td>Kreiranje dokumenata<\/td><td>&#8211; Unos teksta<br>&#8211; Selekcija i ispravljanje<\/td><\/tr><tr><td>Formatiranje<\/td><td>&#8211; Tekst<br>&#8211; Paragraf<br>&#8211; Stilovi<\/td><\/tr><tr><td>Objekti<\/td><td>&#8211; Kreiranje tabele<br>&#8211; Formatiranje tabele<br>&#8211; Grafi\u010dki objekti<\/td><\/tr><tr><td>Objedinjavanje po\u0161te<br>(mail merge)<\/td><td>&#8211; Pode\u0161avanja<br>&#8211; Cirkularna pisma<br>&#8211; Izlazi (Outputs)<br>&#8211; Pode\u0161avanja<br>&#8211; Provjera i \u0161tampanje<\/td><\/tr><\/tbody><\/table><\/figure>","protected":false},"excerpt":{"rendered":"<p>Ovaj modul defini\u0161e vje\u0161tine za uspje\u0161no obavljanje svakodnevih zadataka koji se odnose na kreiranje, formatiranje i zavr\u0161nu obradu teksta kao \u0161to su pisma, CV i drugi dokumenti. Po zavr\u0161etku ovog modula kandidat \u0107e biti u mogu\u0107nosti da: Radi sa dokumentima i \u010duva ih u razli\u010ditim formatima Koristi ugra\u0111ene opcije kao \u0161to je opcija pomo\u0107i, da [&hellip;]<\/p>","protected":false},"author":1,"featured_media":0,"parent":0,"menu_order":0,"comment_status":"closed","ping_status":"closed","template":"","meta":{"footnotes":""},"class_list":["post-198","page","type-page","status-publish","hentry"],"_links":{"self":[{"href":"https:\/\/ecdl.ba\/en\/wp-json\/wp\/v2\/pages\/198","targetHints":{"allow":["GET"]}}],"collection":[{"href":"https:\/\/ecdl.ba\/en\/wp-json\/wp\/v2\/pages"}],"about":[{"href":"https:\/\/ecdl.ba\/en\/wp-json\/wp\/v2\/types\/page"}],"author":[{"embeddable":true,"href":"https:\/\/ecdl.ba\/en\/wp-json\/wp\/v2\/users\/1"}],"replies":[{"embeddable":true,"href":"https:\/\/ecdl.ba\/en\/wp-json\/wp\/v2\/comments?post=198"}],"version-history":[{"count":2,"href":"https:\/\/ecdl.ba\/en\/wp-json\/wp\/v2\/pages\/198\/revisions"}],"predecessor-version":[{"id":367,"href":"https:\/\/ecdl.ba\/en\/wp-json\/wp\/v2\/pages\/198\/revisions\/367"}],"wp:attachment":[{"href":"https:\/\/ecdl.ba\/en\/wp-json\/wp\/v2\/media?parent=198"}],"curies":[{"name":"wp","href":"https:\/\/api.w.org\/{rel}","templated":true}]}}