{"id":195,"date":"2021-03-21T18:43:27","date_gmt":"2021-03-21T17:43:27","guid":{"rendered":"https:\/\/lucic-poezija.net\/ecdl\/?page_id=195"},"modified":"2021-03-28T16:09:33","modified_gmt":"2021-03-28T15:09:33","slug":"osnove-interneta","status":"publish","type":"page","link":"https:\/\/ecdl.ba\/en\/osnove-interneta\/","title":{"rendered":"BASICS OF ONLINE COMMUNICATION"},"content":{"rendered":"<p>U modulu Osnovi interneta su navedeni osnovni koncepti i vje\u0161tine vezanih za web pretra\u017eiva\u010de, efektivne pretrage informacija, online komunikacije i e-mail-a.<\/p>\n\n\n\n<p><strong>Po zavr\u0161etku ovog modula kandidat \u0107e biti u mogu\u0107nosti da:<\/strong><\/p>\n\n\n\n<ul class=\"wp-block-list\"><li>Razumije pojam web pretra\u017eiva\u010da i online koncepte bezbjednosti.<\/li><li>Koristi web pretra\u017eiva\u010d i upravlja pode\u0161avanjima, obilje\u017eiva\u010dima i rezultatima pretrage (outputs)<\/li><li>Efikasno pronalazi informacije na internetu i procjenjuje sadr\u017eaj site-a.<\/li><li>Razumije osnovna pitanja autorskih prava i za\u0161tite podataka.<\/li><li>Razumije koncepte online zajednica, komunikacije i e-mail-a.<\/li><li>\u0160alje, prima i upravlja e-mail porukama i njihovim pode\u0161avanjima.<\/li><li>Organizuje i pretra\u017euje e-mail poruke i koristi kalendare.<\/li><\/ul>\n\n\n\n<p><strong>Koje su prednosti ovog modula?<\/strong><\/p>\n\n\n\n<ul class=\"wp-block-list\"><li>Pokriva klju\u010dne vje\u0161tine potrebne za web pretra\u017eivanje i online sigurnost.<\/li><li>Potvr\u0111uje praksu u efektivnom kori\u0161tenju ra\u010dunara<\/li><li>Razvijen u saradnji sa korisnicima ra\u010dunara, ekspertima i profesionalcima iz cijelog svjeta.<\/li><\/ul>\n\n\n\n<p><strong>Pregled nastavnog plana:<\/strong><\/p>\n\n\n\n<figure id=\"tablepress-2\" class=\"wp-block-table\"><table><thead><tr><th>Kategorija<\/th><th>Vje\u0161tine<\/th><\/tr><\/thead><tbody><tr><td>Koncepti web pretra\u017eivanja<\/td><td>&#8211; Klju\u010dni koncepti<br>&#8211; Sigurnost i bezbjednost<\/td><\/tr><tr><td>Web pretra\u017eivanje<\/td><td>&#8211; Kori\u0161tenje web pretra\u017eiva\u010da<br>&#8211; Alati i pode\u0161evanja<br>&#8211; Markeri (bookmarks)<br>&#8211; Rezultati internet pretra\u017eivanja<\/td><\/tr><tr><td>Informacije na internetu<\/td><td>&#8211; Pretraga<br>&#8211; Kriti\u010dna procjena<br>&#8211; Autorska prava, za\u0161tita podataka<\/td><\/tr><tr><td>Koncepti komunikacije<\/td><td>&#8211; Online zajednice<br>&#8211; Alati za komunikaciju<br>&#8211; Koncept e-mail poruka<\/td><\/tr><tr><td>Kori\u0161tenje e-mail-a<\/td><td>&#8211; Slanje e-mail poruka<br>&#8211; Primanje e-mail poruka<br>&#8211; Alati i pode\u0161avanja<br>&#8211; Organizovanje e-mail poruka<\/td><\/tr><\/tbody><\/table><\/figure>","protected":false},"excerpt":{"rendered":"<p>U modulu Osnovi interneta su navedeni osnovni koncepti i vje\u0161tine vezanih za web pretra\u017eiva\u010de, efektivne pretrage informacija, online komunikacije i e-mail-a. Po zavr\u0161etku ovog modula kandidat \u0107e biti u mogu\u0107nosti da: Razumije pojam web pretra\u017eiva\u010da i online koncepte bezbjednosti. Koristi web pretra\u017eiva\u010d i upravlja pode\u0161avanjima, obilje\u017eiva\u010dima i rezultatima pretrage (outputs) Efikasno pronalazi informacije na internetu [&hellip;]<\/p>","protected":false},"author":1,"featured_media":0,"parent":0,"menu_order":0,"comment_status":"closed","ping_status":"closed","template":"","meta":{"footnotes":""},"class_list":["post-195","page","type-page","status-publish","hentry"],"_links":{"self":[{"href":"https:\/\/ecdl.ba\/en\/wp-json\/wp\/v2\/pages\/195","targetHints":{"allow":["GET"]}}],"collection":[{"href":"https:\/\/ecdl.ba\/en\/wp-json\/wp\/v2\/pages"}],"about":[{"href":"https:\/\/ecdl.ba\/en\/wp-json\/wp\/v2\/types\/page"}],"author":[{"embeddable":true,"href":"https:\/\/ecdl.ba\/en\/wp-json\/wp\/v2\/users\/1"}],"replies":[{"embeddable":true,"href":"https:\/\/ecdl.ba\/en\/wp-json\/wp\/v2\/comments?post=195"}],"version-history":[{"count":2,"href":"https:\/\/ecdl.ba\/en\/wp-json\/wp\/v2\/pages\/195\/revisions"}],"predecessor-version":[{"id":366,"href":"https:\/\/ecdl.ba\/en\/wp-json\/wp\/v2\/pages\/195\/revisions\/366"}],"wp:attachment":[{"href":"https:\/\/ecdl.ba\/en\/wp-json\/wp\/v2\/media?parent=195"}],"curies":[{"name":"wp","href":"https:\/\/api.w.org\/{rel}","templated":true}]}}