{"id":192,"date":"2021-03-21T18:42:24","date_gmt":"2021-03-21T17:42:24","guid":{"rendered":"https:\/\/lucic-poezija.net\/ecdl\/?page_id=192"},"modified":"2021-03-21T18:42:25","modified_gmt":"2021-03-21T17:42:25","slug":"osnove-koristenja-racunara","status":"publish","type":"page","link":"https:\/\/ecdl.ba\/en\/osnove-koristenja-racunara\/","title":{"rendered":"COMPUTER BASICS"},"content":{"rendered":"<p>Ovaj modul defini\u0161e vje\u0161tine i koncepte koji se odnose na upotrebu i kori\u0161tenje ure\u0111aja, pravljenje i upravljanje fajlovima, mre\u017ee i sigurnost podataka.<\/p>\n\n\n\n<p><strong>Po zavr\u0161etku ovog modula kandidat \u0107e biti u mogu\u0107nosti da:<\/strong><\/p>\n\n\n\n<ul class=\"wp-block-list\"><li>Razumije osnovne koncepte IKT (Informaciono-komunikacione tehnologije), ra\u010dunare, ure\u0111aje i softvere.<\/li><li>Uklju\u010di i isklju\u010di ra\u010dunar.<\/li><li>Radi efikasno na radnoj povr\u0161ini ra\u010dunara (desktop) koriste\u0107i ikone i prozore.<\/li><li>Prilagodi glavna pode\u0161avanja operativnog sistema i koristi ugra\u0111enu pomo\u0107.<\/li><li>Kreira i od\u0161tampa dokument.<\/li><li>Poznaje osnovne koncepte organizacije fajlova kao i da efikasno organizuje fajlove i foldere.<\/li><li>Razumije osnovne koncepte skladi\u0161tenja podataka i kako da koristi programe za pakovanje (compress) i raspakivanje (extract) velikih fajlova.<\/li><li>Razumije koncepte mre\u017ee i opcije povezivanja.<\/li><li>Razumije zna\u010daj za\u0161tite podataka i ure\u0111aja od zlonamjernih programa (malware) i zna\u010daj pravljenja kopije podataka (backup).<\/li><li>Razumije ekolo\u0161ke (greenIT) i zdravstvene aspekte kori\u0161tenja IKT.<\/li><\/ul>\n\n\n\n<p><strong>Koje su prednosti ovog modula?<\/strong><\/p>\n\n\n\n<ul class=\"wp-block-list\"><li>Pokrivene su osnovne vje\u0161tine i koncepti koji se odnose na IKT (Informaciono-komunikacione tehnologije), ra\u010dunare, ure\u0111aje i softvere<\/li><li>Potvrda prakti\u010dnog poznavanja rada na ra\u010dunaru<\/li><li>Razvijen u saradnji sa korisnicima ra\u010dunara, ekspertima i profesionalcima iz cijelog svjeta.<\/li><\/ul>\n\n\n\n<p><strong>Pregled nastavnog plana:<\/strong><\/p>\n\n\n\n<figure id=\"tablepress-1\" class=\"wp-block-table\"><table><thead><tr><th>Kategorija<\/th><th>Vje\u0161tine<\/th><\/tr><\/thead><tbody><tr><td>Ra\u010dunari i ure\u0111aji<\/td><td>&#8211; IKT<br>&#8211; Hardver<br>&#8211; Softver i licenciranje<br>&#8211; Pokretanje i ga\u0161enje ra\u010dunara<\/td><\/tr><tr><td>Radna povr\u0161ina, ikone, pode\u0161avanja<\/td><td>&#8211; Radna povr\u0161ina i ikone<br>&#8211; Kori\u0161tenje prozora<br>&#8211; Alatke i pode\u0161avanja<\/td><\/tr><tr><td>Izlazi (Outputs)<\/td><td>&#8211; Obrada teksta<br>&#8211; \u0160tampanje<\/td><\/tr><tr><td>Upravljanje fajlovima<\/td><td>&#8211; Uop\u0161teno o fajlovima i folderima<br>&#8211; Organizovanje fajlova i foldera<br>&#8211; Skladi\u0161tenje i kompresija<\/td><\/tr><tr><td>Mre\u017ee<\/td><td>&#8211; Koncepti mre\u017ee<br>&#8211; Pristup mre\u017ei<\/td><\/tr><tr><td>Sigurnost<\/td><td>&#8211; Za\u0161tita podataka i ure\u0111aja<br>&#8211; Zlonamjerni programi<br>&#8211; Ekolo\u0161ki (green IT) i zdravstveni aspekti kori\u0161\u0107enja IKT<\/td><\/tr><\/tbody><\/table><\/figure>","protected":false},"excerpt":{"rendered":"<p>Ovaj modul defini\u0161e vje\u0161tine i koncepte koji se odnose na upotrebu i kori\u0161tenje ure\u0111aja, pravljenje i upravljanje fajlovima, mre\u017ee i sigurnost podataka. Po zavr\u0161etku ovog modula kandidat \u0107e biti u mogu\u0107nosti da: Razumije osnovne koncepte IKT (Informaciono-komunikacione tehnologije), ra\u010dunare, ure\u0111aje i softvere. Uklju\u010di i isklju\u010di ra\u010dunar. Radi efikasno na radnoj povr\u0161ini ra\u010dunara (desktop) koriste\u0107i ikone [&hellip;]<\/p>","protected":false},"author":1,"featured_media":0,"parent":0,"menu_order":0,"comment_status":"closed","ping_status":"closed","template":"","meta":{"footnotes":""},"class_list":["post-192","page","type-page","status-publish","hentry"],"_links":{"self":[{"href":"https:\/\/ecdl.ba\/en\/wp-json\/wp\/v2\/pages\/192","targetHints":{"allow":["GET"]}}],"collection":[{"href":"https:\/\/ecdl.ba\/en\/wp-json\/wp\/v2\/pages"}],"about":[{"href":"https:\/\/ecdl.ba\/en\/wp-json\/wp\/v2\/types\/page"}],"author":[{"embeddable":true,"href":"https:\/\/ecdl.ba\/en\/wp-json\/wp\/v2\/users\/1"}],"replies":[{"embeddable":true,"href":"https:\/\/ecdl.ba\/en\/wp-json\/wp\/v2\/comments?post=192"}],"version-history":[{"count":1,"href":"https:\/\/ecdl.ba\/en\/wp-json\/wp\/v2\/pages\/192\/revisions"}],"predecessor-version":[{"id":194,"href":"https:\/\/ecdl.ba\/en\/wp-json\/wp\/v2\/pages\/192\/revisions\/194"}],"wp:attachment":[{"href":"https:\/\/ecdl.ba\/en\/wp-json\/wp\/v2\/media?parent=192"}],"curies":[{"name":"wp","href":"https:\/\/api.w.org\/{rel}","templated":true}]}}