{"id":138,"date":"2021-03-21T16:10:22","date_gmt":"2021-03-21T15:10:22","guid":{"rendered":"https:\/\/lucic-poezija.net\/ecdl\/?page_id=138"},"modified":"2022-08-16T21:31:23","modified_gmt":"2022-08-16T20:31:23","slug":"edukacioni-centri","status":"publish","type":"page","link":"https:\/\/ecdl.ba\/en\/edukacioni-centri\/","title":{"rendered":"Edukacioni centri"},"content":{"rendered":"<div data-elementor-type=\"wp-page\" data-elementor-id=\"138\" class=\"elementor elementor-138\">\n\t\t\t\t\t\t<section class=\"elementor-section elementor-top-section elementor-element elementor-element-24e7eca elementor-section-boxed elementor-section-height-default elementor-section-height-default\" data-id=\"24e7eca\" data-element_type=\"section\">\n\t\t\t\t\t\t<div class=\"elementor-container elementor-column-gap-default\">\n\t\t\t\t\t<div class=\"elementor-column elementor-col-100 elementor-top-column elementor-element elementor-element-328bb59\" data-id=\"328bb59\" data-element_type=\"column\">\n\t\t\t<div class=\"elementor-widget-wrap elementor-element-populated\">\n\t\t\t\t\t\t<div class=\"elementor-element elementor-element-9e303d1 elementor-widget elementor-widget-heading\" data-id=\"9e303d1\" data-element_type=\"widget\" data-widget_type=\"heading.default\">\n\t\t\t\t<div class=\"elementor-widget-container\">\n\t\t\t<h2 class=\"elementor-heading-title elementor-size-default\">Edukacioni centri<\/h2>\t\t<\/div>\n\t\t\t\t<\/div>\n\t\t\t\t\t<\/div>\n\t\t<\/div>\n\t\t\t\t\t<\/div>\n\t\t<\/section>\n\t\t\t\t<section class=\"elementor-section elementor-top-section elementor-element elementor-element-c2a80d4 elementor-section-boxed elementor-section-height-default elementor-section-height-default\" data-id=\"c2a80d4\" data-element_type=\"section\">\n\t\t\t\t\t\t<div class=\"elementor-container elementor-column-gap-default\">\n\t\t\t\t\t<div class=\"elementor-column elementor-col-100 elementor-top-column elementor-element elementor-element-56f84c0\" data-id=\"56f84c0\" data-element_type=\"column\">\n\t\t\t<div class=\"elementor-widget-wrap elementor-element-populated\">\n\t\t\t\t\t\t<section class=\"elementor-section elementor-inner-section elementor-element elementor-element-6c7239f elementor-section-boxed elementor-section-height-default elementor-section-height-default\" data-id=\"6c7239f\" data-element_type=\"section\">\n\t\t\t\t\t\t<div class=\"elementor-container elementor-column-gap-default\">\n\t\t\t\t\t<div class=\"elementor-column elementor-col-66 elementor-inner-column elementor-element elementor-element-cf70ade\" data-id=\"cf70ade\" data-element_type=\"column\">\n\t\t\t<div class=\"elementor-widget-wrap elementor-element-populated\">\n\t\t\t\t\t\t<div class=\"elementor-element elementor-element-922a7e6 elementor-widget elementor-widget-text-editor\" data-id=\"922a7e6\" data-element_type=\"widget\" data-widget_type=\"text-editor.default\">\n\t\t\t\t<div class=\"elementor-widget-container\">\n\t\t\t\t\t\t\t<p>\u00a0<\/p><h4 style=\"letter-spacing: normal;\">EDUKACIONI CENTRI \u2013 BANJA LUKA<\/h4><h5 style=\"letter-spacing: normal;\">LANACO d.o.o. \u2013 BANJA LUKA<\/h5><p>Knjaza Milo\u0161a 15, 78000 Banja Luka<br \/>Tel.: +387 51 33 55 00; +387 51 33 55 06<br \/>Fax: +387 51 33 55 09<br \/>E-mail:\u00a0<a href=\"https:\/\/web.archive.org\/web\/20160921104200\/mailto:edukacija@lanaco.com\">edukacija@lanaco.com<\/a><br \/>Web:\u00a0<a href=\"https:\/\/web.archive.org\/web\/20160921104200\/http:\/\/www.lanaco.com\/\" target=\"_blank\" rel=\"noreferrer noopener\">http:\/\/www.lanaco.com<\/a><br \/>Kontakt osoba: Sanja Sablji\u0107<\/p><h4 style=\"letter-spacing: normal;\">EDUKACIONI CENTRI \u2013 BR\u010cKO<\/h4><h5 style=\"letter-spacing: normal;\">NET \u2013 PRO d.o.o. \u2013 BR\u010cKO<\/h5><p>Ulica Kantard\u017ei\u0107a 8, 76100 Br\u010dko<br \/>Tel.\/fax: +387 49 232 430;<br \/>E-mail:\u00a0<a href=\"https:\/\/web.archive.org\/web\/20160921104200\/mailto:info@akademika.ba\">info@akademika.ba<\/a><br \/>Web:\u00a0<a href=\"https:\/\/web.archive.org\/web\/20160921104200\/http:\/\/www.akademika.ba\/\" target=\"_blank\" rel=\"noreferrer noopener\">http:\/\/www.akademika.ba<\/a><\/p><h4 style=\"letter-spacing: normal;\">EDUKACIONI CENTRI \u2013 CAZIN<\/h4><h5 style=\"letter-spacing: normal;\">JAVNA USTANOVA DOM KULTURE \u2013 CAZIN<\/h5><p>Trg prvog predsjednika predsjedni\u0161tva Republike Bosne i Hercegovine Alije Izetbegovi\u0107a, 77220 Cazin<br \/>Tel.: +387 37 537 771<br \/>Fax: +387 37 539 068<br \/>Kontakt E-mail:\u00a0<a href=\"https:\/\/web.archive.org\/web\/20160921104200\/mailto:info@kccazin.com\">info@kccazin.com<\/a><br \/>Web:\u00a0<a href=\"https:\/\/web.archive.org\/web\/20160921104200\/http:\/\/kccazin.com\/\" target=\"_blank\" rel=\"noreferrer noopener\">http:\/\/kccazin.com<\/a><\/p><h4 style=\"letter-spacing: normal;\">EDUKACIONI CENTRI \u2013 GRA\u010cANICA<\/h4><h5 style=\"letter-spacing: normal;\">CENTAR ZA OBRAZOVANJE ODRASLIH \u2013 GRA\u010cANICA<\/h5><p>Patriotske lige b.b. 75320 Gra\u010danica<br \/>Tel.: +387 35 70 46 96, (035) 70 83 06;<br \/>Mob: +387 65 07 78 49<br \/>Fax: +387 35 70 46 96<br \/>Kontakt E-mail:<br \/><a href=\"https:\/\/web.archive.org\/web\/20160921104200\/mailto:obrazovanje.odraslih@bihnet.ba\">obrazovanje.odraslih@bihnet.ba<\/a>;\u00a0<a href=\"https:\/\/web.archive.org\/web\/20160921104200\/mailto:sanja_kurtovic@hotmail.com\">sanja_kurtovic@hotmail.com<\/a><br \/>Web:\u00a0<a href=\"https:\/\/web.archive.org\/web\/20160921104200\/http:\/\/www.obrazovanje-odraslih.ba\/\" target=\"_blank\" rel=\"noreferrer noopener\">http:\/\/www.obrazovanje-odraslih.ba<\/a><\/p><h4 style=\"letter-spacing: normal;\">EDUKACIONI CENTRI \u2013 MOSTAR<\/h4><p><span style=\"color: #223645; font-family: Poppins, sans-serif; font-size: 1.25rem; font-weight: bold;\">AVACOM GROUP \u2013 MOSTAR<\/span><\/p><p>Avacom Group<br \/>Blajbur\u0161kih \u017drtava 17c, 88 000 Mostar<br \/>Tel.: +387 36 355 355; Fax: 036 355 356<br \/>E-mail:\u00a0<a href=\"https:\/\/web.archive.org\/web\/20160921104200\/mailto:mostar@avacom.ba\">mostar@avacom.ba<\/a><br \/>Web:\u00a0<a href=\"https:\/\/web.archive.org\/web\/20160921104200\/http:\/\/www.avacom.ba\/\" target=\"_blank\" rel=\"noreferrer noopener\">www.avacom.ba<\/a><\/p><h4 style=\"letter-spacing: normal;\">EDUKACIONI CENTRI \u2013 SARAJEVO<\/h4><h5 style=\"letter-spacing: normal;\">INSTITUT ZA EDUKACIJU VTK BiH<\/h5><p>Branislava \u0110ur\u0111eva br. 10, 71 000 Sarajevo<br \/>Tel.: +387 33 56 62 01<br \/>Fax: +387 33 56 62 05<br \/>E-mail:\u00a0<a href=\"https:\/\/web.archive.org\/web\/20160921104200\/mailto:sejla.delic@komorabih.ba\">sejla.delic@komorabih.ba<\/a><br \/>Web:\u00a0<a href=\"https:\/\/web.archive.org\/web\/20160921104200\/http:\/\/www.ecos.ba\/\" target=\"_blank\" rel=\"noreferrer noopener\">http:\/\/www.ecos.ba<\/a><br \/>Kontakt osoba: \u0160ejla Deli\u0107<\/p><h5 style=\"letter-spacing: normal;\">CCED \u2013 CENTAR ZA KOMPJUTERSKU EDUKACIJU<\/h5><p>Branilaca Sarajeva 20, 71 000 Sarajevo<br \/>Tel.\/fax: +387 33 25 91 46; +387 33 25 91 45<br \/>E-mail:\u00a0<a href=\"https:\/\/web.archive.org\/web\/20160921104200\/mailto:amulalic@cced.ba\">amulalic@cced.ba<\/a><br \/>Web:\u00a0<a href=\"https:\/\/web.archive.org\/web\/20160921104200\/http:\/\/www.cced.ba\/\" target=\"_blank\" rel=\"noreferrer noopener\">http:\/\/www.cced.ba<\/a><br \/>Kontakt osoba: Amir Mulali\u0107 \u2013 direktor<\/p><h5 style=\"letter-spacing: normal;\">AKADEMIKA<\/h5><p>Branilaca Sarajeva 20 (UPI), 71 000 Sarajevo<br \/>Tel.: +387 33 260 680<br \/>E-mail:\u00a0<a href=\"https:\/\/web.archive.org\/web\/20160921104200\/mailto:info@akademika.ba\">info@akademika.ba<\/a><br \/>Web:\u00a0<a href=\"https:\/\/web.archive.org\/web\/20160921104200\/http:\/\/www.akademika.ba\/\" target=\"_blank\" rel=\"noreferrer noopener\">http:\/\/www.akademika.ba<\/a><\/p><h5>LINK GROUP d.o.o. Sarajevo<\/h5><p><!-- wp:heading {\"level\":5} --> <!-- \/wp:heading --> <!-- wp:paragraph --> <!-- \/wp:paragraph --><\/p><p>Zmaja od Bosne 16, Kubus, 71000 Sarajevo<br \/>Tel: +387 33 788 525<br \/>E-mail: <a href=\"mailto:office.sarajevo@link-group.eu\">office.sarajevo@link-group.eu<\/a><br \/>Web: <a href=\"http:\/\/www.link-group.eu\">http:\/\/www.link-group.eu<\/a><\/p><h5 style=\"letter-spacing: normal;\">EKSA d.o.o. Sarajevo \u2013 EDUKACIONI I TEST CENTAR<\/h5><p>Ferde Hauptmana 7, 71000 Sarajevo<br \/>Mob: +387 61 663 630<br \/>E-mail:\u00a0<a href=\"https:\/\/web.archive.org\/web\/20160921104200\/http:\/\/www.ecdl.ba\/bh\/eksaeducation@gmail.com\">eksaeducation@gmail.com<\/a><br \/>Web:\u00a0<a href=\"https:\/\/web.archive.org\/web\/20160921104200\/http:\/\/www.eksa.ba\/\" target=\"_blank\" rel=\"noreferrer noopener\">http:\/\/www.eksa.ba<\/a><\/p><h4 style=\"letter-spacing: normal;\">EDUKACIONI CENTRI \u2013 TUZLA<\/h4><h5 style=\"letter-spacing: normal;\">Studio Idea \u2013 TUZLA<\/h5><p>Trg Slobode 16 , BIT Centar, Tuzla<br \/>Tel.: +387 35 30 46 85<br \/>Fax.: +387 35 30 46 85<br \/>E-mail:\u00a0<a href=\"https:\/\/web.archive.org\/web\/20160921104200\/mailto:info@akademika.ba\">info@akademika.ba<\/a><br \/>Web:\u00a0<a href=\"https:\/\/web.archive.org\/web\/20160921104200\/http:\/\/www.akademika.ba\/\" target=\"_blank\" rel=\"noreferrer noopener\">http:\/\/www.akademika.ba<\/a><\/p><h4 style=\"letter-spacing: normal;\">EDUKACIONI CENTRI \u2013 ZENICA<\/h4><h5 style=\"letter-spacing: normal;\">BHM d.o.o. \u2013 ZENICA<\/h5><p>\u0160trosmajerova 11, Zenica<br \/>Tel.: +387 32 44 00 80, +387 32 44 00 81,<br \/>Fax. +387 32 44 00 82<br \/>E-mail:\u00a0<a href=\"https:\/\/web.archive.org\/web\/20160921104200\/mailto:bhmze@bih.net.ba\">bhmze@bih.net.ba<\/a><br \/>Web:\u00a0<a href=\"https:\/\/web.archive.org\/web\/20160921104200\/http:\/\/www.bhm.ba\/\" target=\"_blank\" rel=\"noreferrer noopener\">http:\/\/www.bhm.ba<\/a><\/p><h4 style=\"letter-spacing: normal;\">EDUKACIONI CENTRI \u2013 \u017dEP\u010cE<\/h4><h5 style=\"letter-spacing: normal;\">JU Srednja mje\u0161ovita \u0161kola \u017dep\u010de<\/h5><p>Zagreba\u010dka br. 2, 32230 \u017dep\u010de<br \/>Tel.: +387 32 881-014; +387 32 881-015<br \/>E-mail: mail@smszepce.info sms.zepce@tel.net.ba<br \/>Web: http:\/\/www.smszepce<br \/>Kontakt osoba: Ivica Peni\u0107<\/p><h4 style=\"letter-spacing: normal;\">EDUKACIONI CENTRI \u2013 \u017dIVINICE<\/h4><h5 style=\"letter-spacing: normal;\">MILCOM \u0160KOLA KOMPJUTERA<\/h5><p>P.C. Bezistan br. 37, \u017divinice<br \/>Mobilni tel.: +387 070 234 274<br \/>E-mail:\u00a0<a href=\"https:\/\/web.archive.org\/web\/20160921104200\/mailto:milcomm@bih.net.ba\">milcomm@bih.net.ba<\/a>\u00a0;\u00a0<a href=\"https:\/\/web.archive.org\/web\/20160921104200\/mailto:info@milcomm.co.ba\">info@milcomm.co.ba<\/a><br \/>Web:\u00a0<a href=\"https:\/\/web.archive.org\/web\/20160921104200\/http:\/\/www.milcom.com.ba\/\" target=\"_blank\" rel=\"noreferrer noopener\">http:\/\/www.milcom.com.ba<\/a><br \/>Kontakt osoba: Ilija Lu\u010di\u0107<\/p>\t\t\t\t\t\t<\/div>\n\t\t\t\t<\/div>\n\t\t\t\t\t<\/div>\n\t\t<\/div>\n\t\t\t\t<div class=\"elementor-column elementor-col-33 elementor-inner-column elementor-element elementor-element-69b40d9\" data-id=\"69b40d9\" data-element_type=\"column\">\n\t\t\t<div class=\"elementor-widget-wrap elementor-element-populated\">\n\t\t\t\t\t\t<div class=\"elementor-element elementor-element-3a9386f elementor-widget elementor-widget-text-editor\" data-id=\"3a9386f\" data-element_type=\"widget\" data-widget_type=\"text-editor.default\">\n\t\t\t\t<div class=\"elementor-widget-container\">\n\t\t\t\t\t\t\t<h5><strong>Popis svih centara<\/strong><\/h5><ul><li style=\"list-style-type: none;\"><ul id=\"menu-centri\" class=\"menu\"><li id=\"menu-item-44\" class=\"menu-item menu-item-type-post_type menu-item-object-page menu-item-44\"><a href=\"https:\/\/ecdl.ba\/en\/edukacioni-centri-banja-luka\/\">Banja Luka<\/a><\/li><li id=\"menu-item-50\" class=\"menu-item menu-item-type-post_type menu-item-object-page menu-item-50\"><a href=\"https:\/\/ecdl.ba\/en\/edukacioni-centri-bijeljina\/\">Bijeljina<\/a><\/li><li id=\"menu-item-57\" class=\"menu-item menu-item-type-post_type menu-item-object-page menu-item-57\"><a href=\"https:\/\/ecdl.ba\/en\/edukacioni-centri-brcko\/\">Br\u010dko<\/a><\/li><li id=\"menu-item-51\" class=\"menu-item menu-item-type-post_type menu-item-object-page menu-item-51\"><a href=\"https:\/\/ecdl.ba\/en\/edukacioni-centri-cazin\/\">Cazin<\/a><\/li><li id=\"menu-item-62\" class=\"menu-item menu-item-type-post_type menu-item-object-page menu-item-62\"><a href=\"https:\/\/ecdl.ba\/en\/edukacioni-centri-gracanica\/\">Gra\u010danica<\/a><\/li><li id=\"menu-item-83\" class=\"menu-item menu-item-type-post_type menu-item-object-page menu-item-83\"><a href=\"https:\/\/ecdl.ba\/en\/edukacioni-centri-lukavac\/\">Lukavac<\/a><\/li><li id=\"menu-item-82\" class=\"menu-item menu-item-type-post_type menu-item-object-page menu-item-82\"><a href=\"https:\/\/ecdl.ba\/en\/edukacioni-centri-mostar\/\">Mostar<\/a><\/li><li id=\"menu-item-94\" class=\"menu-item menu-item-type-post_type menu-item-object-page menu-item-94\"><a href=\"https:\/\/ecdl.ba\/en\/edukacioni-centri-sarajevo\/\">Sarajevo<\/a><\/li><li id=\"menu-item-95\" class=\"menu-item menu-item-type-post_type menu-item-object-page menu-item-95\"><a href=\"https:\/\/ecdl.ba\/en\/edukacioni-centri-siroki-brijeg\/\">\u0160iroki Brijeg<\/a><\/li><li id=\"menu-item-173\" class=\"menu-item menu-item-type-post_type menu-item-object-page menu-item-173\"><a href=\"https:\/\/ecdl.ba\/en\/edukacioni-centri-tesanj\/\">Te\u0161anj<\/a><\/li><li id=\"menu-item-171\" class=\"menu-item menu-item-type-post_type menu-item-object-page menu-item-171\"><a href=\"https:\/\/ecdl.ba\/en\/edukacioni-centri-tuzla\/\">Tuzla<\/a><\/li><li id=\"menu-item-183\" class=\"menu-item menu-item-type-post_type menu-item-object-page menu-item-183\"><a href=\"https:\/\/ecdl.ba\/en\/edukacioni-centri-zenica\/\">Zenica<\/a><\/li><li id=\"menu-item-183\" class=\"menu-item menu-item-type-post_type menu-item-object-page menu-item-183\"><a href=\"https:\/\/ecdl.ba\/en\/edukacioni-centri-zepce\/\">\u017dep\u010de<\/a><\/li><li id=\"menu-item-185\" class=\"menu-item menu-item-type-post_type menu-item-object-page menu-item-185\"><a href=\"https:\/\/ecdl.ba\/en\/edukacioni-centri-zivinice\/\">\u017divinice<\/a><\/li><\/ul><\/li><\/ul>\t\t\t\t\t\t<\/div>\n\t\t\t\t<\/div>\n\t\t\t\t\t<\/div>\n\t\t<\/div>\n\t\t\t\t\t<\/div>\n\t\t<\/section>\n\t\t\t\t\t<\/div>\n\t\t<\/div>\n\t\t\t\t\t<\/div>\n\t\t<\/section>\n\t\t\t\t<\/div>","protected":false},"excerpt":{"rendered":"<p>Edukacioni centri \u00a0 EDUKACIONI CENTRI \u2013 BANJA LUKA LANACO d.o.o. \u2013 BANJA LUKA Knjaza Milo\u0161a 15, 78000 Banja LukaTel.: +387 51 33 55 00; +387 51 33 55 06Fax: +387 51 33 55 09E-mail:\u00a0edukacija@lanaco.comWeb:\u00a0http:\/\/www.lanaco.comKontakt osoba: Sanja Sablji\u0107 EDUKACIONI CENTRI \u2013 BR\u010cKO NET \u2013 PRO d.o.o. \u2013 BR\u010cKO Ulica Kantard\u017ei\u0107a 8, 76100 Br\u010dkoTel.\/fax: +387 49 232 [&hellip;]<\/p>","protected":false},"author":1,"featured_media":0,"parent":0,"menu_order":0,"comment_status":"closed","ping_status":"closed","template":"elementor_header_footer","meta":{"footnotes":""},"class_list":["post-138","page","type-page","status-publish","hentry"],"_links":{"self":[{"href":"https:\/\/ecdl.ba\/en\/wp-json\/wp\/v2\/pages\/138","targetHints":{"allow":["GET"]}}],"collection":[{"href":"https:\/\/ecdl.ba\/en\/wp-json\/wp\/v2\/pages"}],"about":[{"href":"https:\/\/ecdl.ba\/en\/wp-json\/wp\/v2\/types\/page"}],"author":[{"embeddable":true,"href":"https:\/\/ecdl.ba\/en\/wp-json\/wp\/v2\/users\/1"}],"replies":[{"embeddable":true,"href":"https:\/\/ecdl.ba\/en\/wp-json\/wp\/v2\/comments?post=138"}],"version-history":[{"count":46,"href":"https:\/\/ecdl.ba\/en\/wp-json\/wp\/v2\/pages\/138\/revisions"}],"predecessor-version":[{"id":577,"href":"https:\/\/ecdl.ba\/en\/wp-json\/wp\/v2\/pages\/138\/revisions\/577"}],"wp:attachment":[{"href":"https:\/\/ecdl.ba\/en\/wp-json\/wp\/v2\/media?parent=138"}],"curies":[{"name":"wp","href":"https:\/\/api.w.org\/{rel}","templated":true}]}}