{"id":134,"date":"2021-03-21T15:44:42","date_gmt":"2021-03-21T14:44:42","guid":{"rendered":"https:\/\/lucic-poezija.net\/ecdl\/?page_id=134"},"modified":"2021-03-28T20:26:04","modified_gmt":"2021-03-28T19:26:04","slug":"kako-dobiti-ecdl-diplomu","status":"publish","type":"page","link":"https:\/\/ecdl.ba\/en\/kako-dobiti-ecdl-diplomu\/","title":{"rendered":"How to get an ICDL\/ECDL diploma?"},"content":{"rendered":"<p><strong>ECDL (European Computer Driving Licence)&nbsp;<\/strong>je me\u0111unarodno priznat standard koji verifikuje pokazano znanje o informacionim tehnologijama i kori\u0161\u0107enju ra\u010dunara. ECDL diplome Vam otvaraju vrata na svim radnim mjestima gdje se tra\u017ei znanje rada na ra\u010dunaru, a preporu\u010dene su i kao jedan od standarda za prijem u dr\u017eavnu slu\u017ebu \u0161irom Bosne i Hercegovine. Baza pitanja za testiranje je jedinstvena za sve test centre u Bosni i Hercergovini ali i u svijetu. Ovakvom standardizacijom je osigurano priznavanje ECDL diploma ste\u010denih u BiH u vi\u0161e od 150 zemalja \u0161irom svijeta.<\/p>\n\n\n\n<p>Nakon polo\u017eena ukupno 4 testa, tri osnovna&nbsp; modula; Osnove ra\u010dunara (MS Windows),&nbsp; Obrada teksta (MS Word), i Osnove online komunikacije (Internet i e-mail), te jednog modula po izboru iz grupe standardnih modula, kandidat dobiva&nbsp;<strong>ECDL Base&nbsp;<\/strong>diplomu. Nakon polo\u017eenih testova iz 7 standardnih modula kandidat dobiva&nbsp;<strong>ECDL Standard<\/strong> diplomu.<\/p>\n\n\n\n<p><strong>Za sva pitanja uvezi termina obuke, polaganja i cijena obratite se va\u0161em najbli\u017eem ovla\u0161tenom ECDL centru.<\/strong><\/p>\n\n\n\n<hr class=\"wp-block-separator\"\/>\n\n\n\n<p><strong>ECDL Core&nbsp;<\/strong>program edukacije i testiranja se sastoji od sedam modula koji obuhvataju pojedine informati\u010dke oblasti.<\/p>\n\n\n\n<p><strong>MODUL \u2013 Osnove ra\u010dunara<\/strong><br>Osnovno poznavanje principa rada ra\u010dunara (software, hardware) i rad u Windows okru\u017eenju, osnove rada sa folderima i datotekama.<\/p>\n\n\n\n<p><strong>MODUL &#8211; Obrada teksta<\/strong><br>Osnove rada u programu za obradu teksta (Microsoft Word).<\/p>\n\n\n\n<p><strong>MODUL &#8211; Elektronske tabele<\/strong><br>Osnove rada u programu za&nbsp; elektronske tabele (Microsoft Excel).<\/p>\n\n\n\n<p><strong>MODUL &#8211; Baze podataka<\/strong><br>Osnove&nbsp; kreiranja&nbsp; i odr\u017eavanja baze&nbsp; podataka (Microsoft Access).<\/p>\n\n\n\n<p><strong>MODUL &#8211; Grafika i multimedijalne prezentacije<\/strong><br>Osnovne tehnike izrade multimedijalnih prezentacija (Microsoft PowerPoint).<\/p>\n\n\n\n<p><strong>MODUL \u2013 Osnove online komunikacije<\/strong><br>Osnove rada sa Internet pretra\u017eiva\u010dem i rad u programu za elektronsku po\u0161tu (Microsoft Internet Explorer\u00a0 i Outlook).<\/p>\n\n\n\n<hr class=\"wp-block-separator\"\/>\n\n\n\n<p><strong>ECDL testovi<\/strong><\/p>\n\n\n\n<p>Ispiti se pola\u017eu isklju\u010divo u ovla\u0161tenim test centrima koji su putem Interneta povezani na jedinstveni test server.&nbsp; Pitanja i odgovori su prevedeni na na\u0161 jezik. Ukoliko kandidat smatra da ima dovoljno znanja, mo\u017ee polagati ECDL ispite bez obaveze da prethodno poha\u0111a obuku, ali prije toga mora dobiti svoj jedinstveni ID broj.<\/p>\n\n\n\n<p>Testovi za sve module imaju po 36 pitanja i traju po 45 minuta. Uslov za prolaz svakog modula je 75% ta\u010dnih odgovora. Kandidat ima pravo da pola\u017ee ispite u roku od 3 godine od trenutka dobijanja jedinstvenog ID broja.<\/p>\n\n\n\n<hr class=\"wp-block-separator\"\/>\n\n\n\n<p><strong>ECDL Diplome<\/strong><\/p>\n\n\n\n<p>Nakon polo\u017eena ukupno 4 testa iz tri osnovna&nbsp; modula; Osnove ra\u010dunara (MS Windows),&nbsp; Obrada teksta (MS Word), i Osnove online komunikacije (Internet i e-mail), te jednog modula po izboru iz grupe standardnih modula, kandidat dobiva&nbsp;<strong>ECDL Base&nbsp;diplomu.<\/strong> Nakon polo\u017eenih testova iz 7 standardnih modula kandidat dobiva&nbsp;<strong>ECDL Standard<\/strong> diplomu.<\/p>\n\n\n\n<p>ECDL diplome u Bosni i Hercegovini isklju\u010divo izdaje&nbsp;<strong>Asocijacija informati\u010dara u BiH&nbsp;<\/strong>na osnovu testiranja obavljenih u ovla\u0161tenim ECDL centrima.<\/p>\n\n\n\n<p><\/p>","protected":false},"excerpt":{"rendered":"<p>ECDL (European Computer Driving Licence)&nbsp;je me\u0111unarodno priznat standard koji verifikuje pokazano znanje o informacionim tehnologijama i kori\u0161\u0107enju ra\u010dunara. ECDL diplome Vam otvaraju vrata na svim radnim mjestima gdje se tra\u017ei znanje rada na ra\u010dunaru, a preporu\u010dene su i kao jedan od standarda za prijem u dr\u017eavnu slu\u017ebu \u0161irom Bosne i Hercegovine. Baza pitanja za testiranje [&hellip;]<\/p>","protected":false},"author":1,"featured_media":0,"parent":0,"menu_order":0,"comment_status":"closed","ping_status":"closed","template":"","meta":{"footnotes":""},"class_list":["post-134","page","type-page","status-publish","hentry"],"_links":{"self":[{"href":"https:\/\/ecdl.ba\/en\/wp-json\/wp\/v2\/pages\/134","targetHints":{"allow":["GET"]}}],"collection":[{"href":"https:\/\/ecdl.ba\/en\/wp-json\/wp\/v2\/pages"}],"about":[{"href":"https:\/\/ecdl.ba\/en\/wp-json\/wp\/v2\/types\/page"}],"author":[{"embeddable":true,"href":"https:\/\/ecdl.ba\/en\/wp-json\/wp\/v2\/users\/1"}],"replies":[{"embeddable":true,"href":"https:\/\/ecdl.ba\/en\/wp-json\/wp\/v2\/comments?post=134"}],"version-history":[{"count":10,"href":"https:\/\/ecdl.ba\/en\/wp-json\/wp\/v2\/pages\/134\/revisions"}],"predecessor-version":[{"id":402,"href":"https:\/\/ecdl.ba\/en\/wp-json\/wp\/v2\/pages\/134\/revisions\/402"}],"wp:attachment":[{"href":"https:\/\/ecdl.ba\/en\/wp-json\/wp\/v2\/media?parent=134"}],"curies":[{"name":"wp","href":"https:\/\/api.w.org\/{rel}","templated":true}]}}