{"id":132,"date":"2021-03-21T15:39:49","date_gmt":"2021-03-21T14:39:49","guid":{"rendered":"https:\/\/lucic-poezija.net\/ecdl\/?page_id=132"},"modified":"2021-03-28T10:08:26","modified_gmt":"2021-03-28T09:08:26","slug":"kako-postati-clan-asocijacije","status":"publish","type":"page","link":"https:\/\/ecdl.ba\/en\/kako-postati-clan-asocijacije\/","title":{"rendered":"Kako postati \u010dlan Asocijacije?"},"content":{"rendered":"<p>\u010clanovi ECDL Asocijacije mogu biti sva pravna lica, ustanove, agencije koje u svojoj djelatnosti imaju edukaciju iz oblasti informacionih tehnologija.<br>Za u\u010dlanjenje u Asocijaciju mo\u017eete sve informacije dobiti ako se obratite na brojeve telefona:<\/p>\n\n\n\n<figure class=\"wp-block-image\"><img decoding=\"async\" src=\"https:\/\/web.archive.org\/web\/20160925095543im_\/http:\/\/www.ecdl.ba\/Templates\/strelica_b.gif\" alt=\"ECDL BiH\"\/><\/figure>\n\n\n\n<p>+387 60 34 47 774,<br>E-mail:\u00a0<a href=\"https:\/\/web.archive.org\/web\/20160925095543\/mailto:info@ecdl.ba\"><a href=\"mailto:asocijacijaecdl@gmail.com\">asociacijaecdl@gmail.com<\/a><\/a><\/p>\n\n\n\n<figure class=\"wp-block-image\"><img decoding=\"async\" src=\"https:\/\/web.archive.org\/web\/20160925095543im_\/http:\/\/www.ecdl.ba\/Templates\/strelica_b.gif\" alt=\"ECDL BiH\"\/><\/figure>\n\n\n\n<p>\u00a0+387 61 15 3516\u00a0 (Mensura Beganovi\u0107, predsjednik UO Asocijacije),<br>E-mail:\u00a0<a href=\"https:\/\/web.archive.org\/web\/20160925095543\/mailto:mensura@bhm.ba\">mensura@bhm.ba<\/a><\/p>\n\n\n\n<p>Popunjen Obrazac za u\u010dlanjenje zajedno sa Rje\u0161enjem o registraciji treba poslati na adresu Asocijacija informati\u010dara u BiH, Ferde Hauptmana 7, 71000 Sarajevo. \u010clanice Asocijacije mogu poslati i fizi\u010dka lica koja treba da po\u0161alju samo Obrazac za u\u010dlanjenje<\/p>\n\n\n\n<p><strong>PRILOG<\/strong>:\u00a0<a href=\"https:\/\/lucic-poezija.net\/ecdl\/wp-content\/uploads\/2021\/03\/UPUTA-ZA-NOVE-CENTRE.doc\" data-type=\"URL\" data-id=\"https:\/\/lucic-poezija.net\/ecdl\/wp-content\/uploads\/2021\/03\/UPUTA-ZA-NOVE-CENTRE.doc\" target=\"_blank\" rel=\"noreferrer noopener\"><strong>OBRAZAC ZA U\u010cLANJENJE U ASOCIJACIJU<\/strong><\/a><\/p>","protected":false},"excerpt":{"rendered":"<p>\u010clanovi ECDL Asocijacije mogu biti sva pravna lica, ustanove, agencije koje u svojoj djelatnosti imaju edukaciju iz oblasti informacionih tehnologija.Za u\u010dlanjenje u Asocijaciju mo\u017eete sve informacije dobiti ako se obratite na brojeve telefona: +387 60 34 47 774,E-mail:\u00a0asocijacijaecdl@gmail.com \u00a0+387 61 15 3516\u00a0 (Mensura Beganovi\u0107, predsjednik UO Asocijacije),E-mail:\u00a0mensura@bhm.ba Popunjen Obrazac za u\u010dlanjenje zajedno sa Rje\u0161enjem o [&hellip;]<\/p>","protected":false},"author":1,"featured_media":0,"parent":0,"menu_order":0,"comment_status":"closed","ping_status":"closed","template":"","meta":{"footnotes":""},"class_list":["post-132","page","type-page","status-publish","hentry"],"_links":{"self":[{"href":"https:\/\/ecdl.ba\/en\/wp-json\/wp\/v2\/pages\/132","targetHints":{"allow":["GET"]}}],"collection":[{"href":"https:\/\/ecdl.ba\/en\/wp-json\/wp\/v2\/pages"}],"about":[{"href":"https:\/\/ecdl.ba\/en\/wp-json\/wp\/v2\/types\/page"}],"author":[{"embeddable":true,"href":"https:\/\/ecdl.ba\/en\/wp-json\/wp\/v2\/users\/1"}],"replies":[{"embeddable":true,"href":"https:\/\/ecdl.ba\/en\/wp-json\/wp\/v2\/comments?post=132"}],"version-history":[{"count":3,"href":"https:\/\/ecdl.ba\/en\/wp-json\/wp\/v2\/pages\/132\/revisions"}],"predecessor-version":[{"id":357,"href":"https:\/\/ecdl.ba\/en\/wp-json\/wp\/v2\/pages\/132\/revisions\/357"}],"wp:attachment":[{"href":"https:\/\/ecdl.ba\/en\/wp-json\/wp\/v2\/media?parent=132"}],"curies":[{"name":"wp","href":"https:\/\/api.w.org\/{rel}","templated":true}]}}