{"id":11,"date":"2021-01-24T20:01:52","date_gmt":"2021-01-24T20:01:52","guid":{"rendered":"https:\/\/lucic-poezija.net\/ecdl\/?page_id=11"},"modified":"2021-12-12T00:12:01","modified_gmt":"2021-12-11T23:12:01","slug":"o-nama","status":"publish","type":"page","link":"https:\/\/ecdl.ba\/en\/o-nama\/","title":{"rendered":"O asocijaciji"},"content":{"rendered":"<div data-elementor-type=\"wp-page\" data-elementor-id=\"11\" class=\"elementor elementor-11\">\n\t\t\t\t\t\t<section class=\"elementor-section elementor-top-section elementor-element elementor-element-4e00189 elementor-section-boxed elementor-section-height-default elementor-section-height-default\" data-id=\"4e00189\" data-element_type=\"section\">\n\t\t\t\t\t\t<div class=\"elementor-container elementor-column-gap-default\">\n\t\t\t\t\t<div class=\"elementor-column elementor-col-100 elementor-top-column elementor-element elementor-element-ebb8935\" data-id=\"ebb8935\" data-element_type=\"column\">\n\t\t\t<div class=\"elementor-widget-wrap elementor-element-populated\">\n\t\t\t\t\t\t<div class=\"elementor-element elementor-element-13612d6 elementor-widget elementor-widget-heading\" data-id=\"13612d6\" data-element_type=\"widget\" data-widget_type=\"heading.default\">\n\t\t\t\t<div class=\"elementor-widget-container\">\n\t\t\t<h2 class=\"elementor-heading-title elementor-size-default\">About us<\/h2>\t\t<\/div>\n\t\t\t\t<\/div>\n\t\t\t\t\t<\/div>\n\t\t<\/div>\n\t\t\t\t\t<\/div>\n\t\t<\/section>\n\t\t\t\t<section class=\"elementor-section elementor-top-section elementor-element elementor-element-6a3ad3b elementor-section-boxed elementor-section-height-default elementor-section-height-default\" data-id=\"6a3ad3b\" data-element_type=\"section\">\n\t\t\t\t\t\t<div class=\"elementor-container elementor-column-gap-default\">\n\t\t\t\t\t<div class=\"elementor-column elementor-col-66 elementor-top-column elementor-element elementor-element-9b48c6f\" data-id=\"9b48c6f\" data-element_type=\"column\">\n\t\t\t<div class=\"elementor-widget-wrap elementor-element-populated\">\n\t\t\t\t\t\t<div class=\"elementor-element elementor-element-0453172 elementor-widget elementor-widget-text-editor\" data-id=\"0453172\" data-element_type=\"widget\" data-widget_type=\"text-editor.default\">\n\t\t\t\t<div class=\"elementor-widget-container\">\n\t\t\t\t\t\t\t<p>Asocijacija informati\u010dara u Bosni i Hercegovini je nezavisna, neprofitna, nepoliti\u010dka i nenacionalna institucija \u010diji je cilj da uvede evropske i svjetske standarde u proces edukacije korisnika personalnih ra\u010dunara u Bosni i Hercegovini.<br \/>Asocijacija informati\u010dara u Bosni i Hercegovini osnovana je 12.05.2003. godine i obuhvata \u010dlanice iz oba entiteta.<\/p>\n<p><strong>Svrha i programski ciljevi Asocijacije<\/strong><br \/>Osnovni ciljevi osnivanja Asocijacije su:<\/p>\n<ul>\n<li>da djeluje na uvo\u0111enju evropskih i svjetskih ECDL \/ ICDL standarda u proces edukacije korisnika personalnih ra\u010dunara<\/li>\n<li>da uspostavi i razvija mre\u017eu edukacionih i test centara na podru\u010dju Bosne i Hercegovine<\/li>\n<li>da se u skladu s ECDL standardima verificira znanja i vje\u0161tine korisnika personalnih ra\u010dunara kroz sticanje ECDL certifikata<\/li>\n<\/ul>\n<p>U ostvarivanju svojih ciljeva Asocijacija poduzima razli\u010dite aktivnosti i anga\u017eira se na uspostavljanju saradnje sa svim institucijama i pojedincima koji mogu pozitivno doprinositi ostvarivanju svrhe, ciljeva i djelatnosti Asocijacije.<\/p>\t\t\t\t\t\t<\/div>\n\t\t\t\t<\/div>\n\t\t\t\t\t<\/div>\n\t\t<\/div>\n\t\t\t\t<div class=\"elementor-column elementor-col-33 elementor-top-column elementor-element elementor-element-0f4ad9f\" data-id=\"0f4ad9f\" data-element_type=\"column\">\n\t\t\t<div class=\"elementor-widget-wrap elementor-element-populated\">\n\t\t\t\t\t\t<div class=\"elementor-element elementor-element-4783294 elementor-widget elementor-widget-text-editor\" data-id=\"4783294\" data-element_type=\"widget\" data-widget_type=\"text-editor.default\">\n\t\t\t\t<div class=\"elementor-widget-container\">\n\t\t\t\t\t\t\t<div class=\"bluebox-heading-wrap\">\n<h3 class=\"bluebox-heading\">O ASOCIJACIJI INFORMATI\u010cARA U BIH<\/h3>\n<\/div>\n<div class=\"menu-o-nama-container\">\n<ul>\n \t<li style=\"list-style-type: none;\">\n<ul id=\"menu-o-nama\" class=\"menu\">\n \t<li id=\"menu-item-27\" class=\"menu-item menu-item-type-post_type menu-item-object-page current-menu-item page_item page-item-4 current_page_item menu-item-27\"><a href=\"https:\/\/ecdl.ba\/en\/o-nama\/\">About us<\/a><\/li>\n \t<li id=\"menu-item-26\" class=\"menu-item menu-item-type-post_type menu-item-object-page menu-item-26\"><a href=\"https:\/\/ecdl.ba\/en\/djelatnost-i-programski-ciljevi-asocijacije\/\">Djelatnost i programski ciljevi Asocijacije<\/a><\/li>\n \t<li id=\"menu-item-25\" class=\"menu-item menu-item-type-post_type menu-item-object-page menu-item-25\"><a href=\"https:\/\/ecdl.ba\/en\/kako-postati-clan-asocijacije\/\">Kako postati \u010dlan Asocijacije?<\/a><\/li>\n \t<li id=\"menu-item-37\" class=\"menu-item menu-item-type-post_type menu-item-object-page menu-item-37\"><a href=\"https:\/\/ecdl.ba\/en\/kako-dobiti-ecdl-diplomu\/\">Kako dobiti ECDL diplomu?<\/a><\/li>\n \t<li id=\"menu-item-227\" class=\"menu-item menu-item-type-post_type menu-item-object-page menu-item-227\"><a href=\"https:\/\/ecdl.ba\/en\/kontakt\/\">Contact<\/a><\/li>\n \t<li id=\"menu-item-343\" class=\"menu-item menu-item-type-post_type menu-item-object-page menu-item-343\"><a href=\"https:\/\/ecdl.ba\/en\/kako-dobiti-akreditaciju-za-ecdl-centar\/\">Kako dobiti akreditaciju\nza ECDL centar?<\/a><\/li>\n<\/ul>\n<\/li>\n<\/ul>\n<\/div>\t\t\t\t\t\t<\/div>\n\t\t\t\t<\/div>\n\t\t\t\t\t<\/div>\n\t\t<\/div>\n\t\t\t\t\t<\/div>\n\t\t<\/section>\n\t\t\t\t<\/div>","protected":false},"excerpt":{"rendered":"<p>O nama Asocijacija informati\u010dara u Bosni i Hercegovini je nezavisna, neprofitna, nepoliti\u010dka i nenacionalna institucija \u010diji je cilj da uvede evropske i svjetske standarde u proces edukacije korisnika personalnih ra\u010dunara u Bosni i Hercegovini.Asocijacija informati\u010dara u Bosni i Hercegovini osnovana je 12.05.2003. godine i obuhvata \u010dlanice iz oba entiteta. Svrha i programski ciljevi AsocijacijeOsnovni ciljevi [&hellip;]<\/p>","protected":false},"author":1,"featured_media":0,"parent":0,"menu_order":0,"comment_status":"closed","ping_status":"closed","template":"elementor_header_footer","meta":{"footnotes":""},"class_list":["post-11","page","type-page","status-publish","hentry"],"_links":{"self":[{"href":"https:\/\/ecdl.ba\/en\/wp-json\/wp\/v2\/pages\/11","targetHints":{"allow":["GET"]}}],"collection":[{"href":"https:\/\/ecdl.ba\/en\/wp-json\/wp\/v2\/pages"}],"about":[{"href":"https:\/\/ecdl.ba\/en\/wp-json\/wp\/v2\/types\/page"}],"author":[{"embeddable":true,"href":"https:\/\/ecdl.ba\/en\/wp-json\/wp\/v2\/users\/1"}],"replies":[{"embeddable":true,"href":"https:\/\/ecdl.ba\/en\/wp-json\/wp\/v2\/comments?post=11"}],"version-history":[{"count":24,"href":"https:\/\/ecdl.ba\/en\/wp-json\/wp\/v2\/pages\/11\/revisions"}],"predecessor-version":[{"id":545,"href":"https:\/\/ecdl.ba\/en\/wp-json\/wp\/v2\/pages\/11\/revisions\/545"}],"wp:attachment":[{"href":"https:\/\/ecdl.ba\/en\/wp-json\/wp\/v2\/media?parent=11"}],"curies":[{"name":"wp","href":"https:\/\/api.w.org\/{rel}","templated":true}]}}