{"id":10,"date":"2021-01-24T20:01:52","date_gmt":"2021-01-24T20:01:52","guid":{"rendered":"https:\/\/lucic-poezija.net\/ecdl\/?page_id=10"},"modified":"2021-12-08T19:31:36","modified_gmt":"2021-12-08T18:31:36","slug":"create-your-website-with-blocks","status":"publish","type":"page","link":"https:\/\/ecdl.ba\/en\/","title":{"rendered":"ASOCIJACIJA INFORMATI\u010cARA U BOSNI I HERCEGOVINI"},"content":{"rendered":"<div data-elementor-type=\"wp-page\" data-elementor-id=\"10\" class=\"elementor elementor-10\">\n\t\t\t\t\t\t<section class=\"elementor-section elementor-top-section elementor-element elementor-element-f9cdd01 elementor-section-boxed elementor-section-height-default elementor-section-height-default\" data-id=\"f9cdd01\" data-element_type=\"section\">\n\t\t\t\t\t\t<div class=\"elementor-container elementor-column-gap-default\">\n\t\t\t\t\t<div class=\"elementor-column elementor-col-100 elementor-top-column elementor-element elementor-element-7148abd\" data-id=\"7148abd\" data-element_type=\"column\">\n\t\t\t<div class=\"elementor-widget-wrap elementor-element-populated\">\n\t\t\t\t\t\t<div class=\"elementor-element elementor-element-e412f13 elementor-widget elementor-widget-image\" data-id=\"e412f13\" data-element_type=\"widget\" data-widget_type=\"image.default\">\n\t\t\t\t<div class=\"elementor-widget-container\">\n\t\t\t\t\t\t\t\t\t\t\t\t\t<img fetchpriority=\"high\" decoding=\"async\" width=\"1000\" height=\"177\" src=\"https:\/\/ecdl.ba\/wp-content\/uploads\/2021\/01\/image839.png\" class=\"attachment-large size-large wp-image-79\" alt=\"\" srcset=\"https:\/\/ecdl.ba\/wp-content\/uploads\/2021\/01\/image839.png 1000w, https:\/\/ecdl.ba\/wp-content\/uploads\/2021\/01\/image839-300x53.png 300w, https:\/\/ecdl.ba\/wp-content\/uploads\/2021\/01\/image839-768x136.png 768w, https:\/\/ecdl.ba\/wp-content\/uploads\/2021\/01\/image839-16x3.png 16w\" sizes=\"(max-width: 1000px) 100vw, 1000px\" \/>\t\t\t\t\t\t\t\t\t\t\t\t\t<\/div>\n\t\t\t\t<\/div>\n\t\t\t\t\t<\/div>\n\t\t<\/div>\n\t\t\t\t\t<\/div>\n\t\t<\/section>\n\t\t\t\t<section class=\"elementor-section elementor-top-section elementor-element elementor-element-81d7bc9 elementor-section-boxed elementor-section-height-default elementor-section-height-default\" data-id=\"81d7bc9\" data-element_type=\"section\">\n\t\t\t\t\t\t<div class=\"elementor-container elementor-column-gap-default\">\n\t\t\t\t\t<div class=\"elementor-column elementor-col-100 elementor-top-column elementor-element elementor-element-ca8bf05\" data-id=\"ca8bf05\" data-element_type=\"column\">\n\t\t\t<div class=\"elementor-widget-wrap elementor-element-populated\">\n\t\t\t\t\t\t<div class=\"elementor-element elementor-element-9d57ada elementor-widget elementor-widget-heading\" data-id=\"9d57ada\" data-element_type=\"widget\" data-widget_type=\"heading.default\">\n\t\t\t\t<div class=\"elementor-widget-container\">\n\t\t\t<h2 class=\"elementor-heading-title elementor-size-default\">\u010clanica svjetskih organizacija<\/h2>\t\t<\/div>\n\t\t\t\t<\/div>\n\t\t\t\t\t<\/div>\n\t\t<\/div>\n\t\t\t\t\t<\/div>\n\t\t<\/section>\n\t\t\t\t<section class=\"elementor-section elementor-top-section elementor-element elementor-element-ad5cab3 elementor-section-content-middle elementor-section-boxed elementor-section-height-default elementor-section-height-default\" data-id=\"ad5cab3\" data-element_type=\"section\">\n\t\t\t\t\t\t<div class=\"elementor-container elementor-column-gap-default\">\n\t\t\t\t\t<div class=\"elementor-column elementor-col-33 elementor-top-column elementor-element elementor-element-c6a161c\" data-id=\"c6a161c\" data-element_type=\"column\">\n\t\t\t<div class=\"elementor-widget-wrap elementor-element-populated\">\n\t\t\t\t\t\t<div class=\"elementor-element elementor-element-d6d664f elementor-widget elementor-widget-image\" data-id=\"d6d664f\" data-element_type=\"widget\" data-widget_type=\"image.default\">\n\t\t\t\t<div class=\"elementor-widget-container\">\n\t\t\t\t\t\t\t\t\t\t\t\t\t<img decoding=\"async\" width=\"1024\" height=\"462\" src=\"https:\/\/ecdl.ba\/wp-content\/uploads\/2021\/01\/ecdl-logo-full-1-1024x462.jpg\" class=\"attachment-large size-large wp-image-105\" alt=\"\" srcset=\"https:\/\/ecdl.ba\/wp-content\/uploads\/2021\/01\/ecdl-logo-full-1-1024x462.jpg 1024w, https:\/\/ecdl.ba\/wp-content\/uploads\/2021\/01\/ecdl-logo-full-1-300x135.jpg 300w, https:\/\/ecdl.ba\/wp-content\/uploads\/2021\/01\/ecdl-logo-full-1-768x346.jpg 768w, https:\/\/ecdl.ba\/wp-content\/uploads\/2021\/01\/ecdl-logo-full-1-1536x692.jpg 1536w, https:\/\/ecdl.ba\/wp-content\/uploads\/2021\/01\/ecdl-logo-full-1-2048x923.jpg 2048w, https:\/\/ecdl.ba\/wp-content\/uploads\/2021\/01\/ecdl-logo-full-1-16x7.jpg 16w\" sizes=\"(max-width: 1024px) 100vw, 1024px\" \/>\t\t\t\t\t\t\t\t\t\t\t\t\t<\/div>\n\t\t\t\t<\/div>\n\t\t\t\t\t<\/div>\n\t\t<\/div>\n\t\t\t\t<div class=\"elementor-column elementor-col-33 elementor-top-column elementor-element elementor-element-e4619b1\" data-id=\"e4619b1\" data-element_type=\"column\">\n\t\t\t<div class=\"elementor-widget-wrap elementor-element-populated\">\n\t\t\t\t\t\t<div class=\"elementor-element elementor-element-c20afe9 elementor-widget elementor-widget-image\" data-id=\"c20afe9\" data-element_type=\"widget\" data-widget_type=\"image.default\">\n\t\t\t\t<div class=\"elementor-widget-container\">\n\t\t\t\t\t\t\t\t\t\t\t\t\t<img decoding=\"async\" width=\"449\" height=\"112\" src=\"https:\/\/ecdl.ba\/wp-content\/uploads\/2021\/03\/download.png\" class=\"attachment-large size-large wp-image-230\" alt=\"\" srcset=\"https:\/\/ecdl.ba\/wp-content\/uploads\/2021\/03\/download.png 449w, https:\/\/ecdl.ba\/wp-content\/uploads\/2021\/03\/download-300x75.png 300w, https:\/\/ecdl.ba\/wp-content\/uploads\/2021\/03\/download-16x4.png 16w\" sizes=\"(max-width: 449px) 100vw, 449px\" \/>\t\t\t\t\t\t\t\t\t\t\t\t\t<\/div>\n\t\t\t\t<\/div>\n\t\t\t\t\t<\/div>\n\t\t<\/div>\n\t\t\t\t<div class=\"elementor-column elementor-col-33 elementor-top-column elementor-element elementor-element-4917f4d\" data-id=\"4917f4d\" data-element_type=\"column\">\n\t\t\t<div class=\"elementor-widget-wrap elementor-element-populated\">\n\t\t\t\t\t\t<div class=\"elementor-element elementor-element-807afeb elementor-widget elementor-widget-image\" data-id=\"807afeb\" data-element_type=\"widget\" data-widget_type=\"image.default\">\n\t\t\t\t<div class=\"elementor-widget-container\">\n\t\t\t\t\t\t\t\t\t\t\t\t\t<img loading=\"lazy\" decoding=\"async\" width=\"275\" height=\"183\" src=\"https:\/\/ecdl.ba\/wp-content\/uploads\/2021\/01\/download.jpg\" class=\"attachment-large size-large wp-image-111\" alt=\"\" srcset=\"https:\/\/ecdl.ba\/wp-content\/uploads\/2021\/01\/download.jpg 275w, https:\/\/ecdl.ba\/wp-content\/uploads\/2021\/01\/download-16x12.jpg 16w\" sizes=\"(max-width: 275px) 100vw, 275px\" \/>\t\t\t\t\t\t\t\t\t\t\t\t\t<\/div>\n\t\t\t\t<\/div>\n\t\t\t\t\t<\/div>\n\t\t<\/div>\n\t\t\t\t\t<\/div>\n\t\t<\/section>\n\t\t\t\t<section class=\"elementor-section elementor-top-section elementor-element elementor-element-65cab43 elementor-section-boxed elementor-section-height-default elementor-section-height-default\" data-id=\"65cab43\" data-element_type=\"section\">\n\t\t\t\t\t\t<div class=\"elementor-container elementor-column-gap-default\">\n\t\t\t\t\t<div class=\"elementor-column elementor-col-50 elementor-top-column elementor-element elementor-element-c2e5572\" data-id=\"c2e5572\" data-element_type=\"column\">\n\t\t\t<div class=\"elementor-widget-wrap elementor-element-populated\">\n\t\t\t\t\t\t<div class=\"elementor-element elementor-element-285cdf8 elementor-widget elementor-widget-text-editor\" data-id=\"285cdf8\" data-element_type=\"widget\" data-widget_type=\"text-editor.default\">\n\t\t\t\t<div class=\"elementor-widget-container\">\n\t\t\t\t\t\t\t<p><strong>ECDL Fondacija kao nosilac je me\u0111unarodno priznatog ECDL\/ICDL standarda za certificiranje vje\u0161tina kori\u0161tenja informacionih i komunikacijskih tehnologija, svake godine dodijeljuje nagrade najuspje\u0161nijim projektima.<br \/><\/strong><strong>Asocijacija za projekat \u201eGirl&#8217; SelfeSTEM\u201c na forumu u Pragu 2018. Godine dobila najve\u0107e priznanje za oblast ECDL u obrazovanju, \u010dime smo krunisali na\u0161 rad i uspje\u0161nost projekta.<\/strong><\/p>\t\t\t\t\t\t<\/div>\n\t\t\t\t<\/div>\n\t\t\t\t\t<\/div>\n\t\t<\/div>\n\t\t\t\t<div class=\"elementor-column elementor-col-50 elementor-top-column elementor-element elementor-element-566b612\" data-id=\"566b612\" data-element_type=\"column\">\n\t\t\t<div class=\"elementor-widget-wrap elementor-element-populated\">\n\t\t\t\t\t\t<div class=\"elementor-element elementor-element-1596651 elementor-widget elementor-widget-image\" data-id=\"1596651\" data-element_type=\"widget\" data-widget_type=\"image.default\">\n\t\t\t\t<div class=\"elementor-widget-container\">\n\t\t\t\t\t\t\t\t\t\t\t\t\t<img loading=\"lazy\" decoding=\"async\" width=\"225\" height=\"300\" src=\"https:\/\/ecdl.ba\/wp-content\/uploads\/2021\/12\/nagrada-1-225x300.jpg\" class=\"attachment-medium size-medium wp-image-494\" alt=\"\" srcset=\"https:\/\/ecdl.ba\/wp-content\/uploads\/2021\/12\/nagrada-1-225x300.jpg 225w, https:\/\/ecdl.ba\/wp-content\/uploads\/2021\/12\/nagrada-1-768x1024.jpg 768w, https:\/\/ecdl.ba\/wp-content\/uploads\/2021\/12\/nagrada-1-1152x1536.jpg 1152w, https:\/\/ecdl.ba\/wp-content\/uploads\/2021\/12\/nagrada-1-9x12.jpg 9w, https:\/\/ecdl.ba\/wp-content\/uploads\/2021\/12\/nagrada-1.jpg 1296w\" sizes=\"(max-width: 225px) 100vw, 225px\" \/>\t\t\t\t\t\t\t\t\t\t\t\t\t<\/div>\n\t\t\t\t<\/div>\n\t\t\t\t\t<\/div>\n\t\t<\/div>\n\t\t\t\t\t<\/div>\n\t\t<\/section>\n\t\t\t\t<section class=\"elementor-section elementor-top-section elementor-element elementor-element-943b213 elementor-section-content-middle elementor-section-boxed elementor-section-height-default elementor-section-height-default\" data-id=\"943b213\" data-element_type=\"section\">\n\t\t\t\t\t\t<div class=\"elementor-container elementor-column-gap-default\">\n\t\t\t\t\t<div class=\"elementor-column elementor-col-33 elementor-top-column elementor-element elementor-element-119a5bc\" data-id=\"119a5bc\" data-element_type=\"column\">\n\t\t\t<div class=\"elementor-widget-wrap elementor-element-populated\">\n\t\t\t\t\t\t<div class=\"elementor-element elementor-element-644265c elementor-widget elementor-widget-image\" data-id=\"644265c\" data-element_type=\"widget\" data-widget_type=\"image.default\">\n\t\t\t\t<div class=\"elementor-widget-container\">\n\t\t\t\t\t\t\t\t\t\t\t\t\t<img loading=\"lazy\" decoding=\"async\" width=\"1024\" height=\"683\" src=\"https:\/\/ecdl.ba\/wp-content\/uploads\/2021\/12\/maglaj-1024x683.jpg\" class=\"attachment-large size-large wp-image-493\" alt=\"\" srcset=\"https:\/\/ecdl.ba\/wp-content\/uploads\/2021\/12\/maglaj-1024x683.jpg 1024w, https:\/\/ecdl.ba\/wp-content\/uploads\/2021\/12\/maglaj-300x200.jpg 300w, https:\/\/ecdl.ba\/wp-content\/uploads\/2021\/12\/maglaj-768x512.jpg 768w, https:\/\/ecdl.ba\/wp-content\/uploads\/2021\/12\/maglaj-18x12.jpg 18w, https:\/\/ecdl.ba\/wp-content\/uploads\/2021\/12\/maglaj.jpg 1200w\" sizes=\"(max-width: 1024px) 100vw, 1024px\" \/>\t\t\t\t\t\t\t\t\t\t\t\t\t<\/div>\n\t\t\t\t<\/div>\n\t\t\t\t\t<\/div>\n\t\t<\/div>\n\t\t\t\t<div class=\"elementor-column elementor-col-33 elementor-top-column elementor-element elementor-element-6b8fde3\" data-id=\"6b8fde3\" data-element_type=\"column\">\n\t\t\t<div class=\"elementor-widget-wrap elementor-element-populated\">\n\t\t\t\t\t\t<div class=\"elementor-element elementor-element-10d3803 elementor-widget elementor-widget-image\" data-id=\"10d3803\" data-element_type=\"widget\" data-widget_type=\"image.default\">\n\t\t\t\t<div class=\"elementor-widget-container\">\n\t\t\t\t\t\t\t\t\t\t\t\t\t<img loading=\"lazy\" decoding=\"async\" width=\"1024\" height=\"683\" src=\"https:\/\/ecdl.ba\/wp-content\/uploads\/2021\/12\/ROGATICA-1-1024x683.jpg\" class=\"attachment-large size-large wp-image-496\" alt=\"\" srcset=\"https:\/\/ecdl.ba\/wp-content\/uploads\/2021\/12\/ROGATICA-1-1024x683.jpg 1024w, https:\/\/ecdl.ba\/wp-content\/uploads\/2021\/12\/ROGATICA-1-300x200.jpg 300w, https:\/\/ecdl.ba\/wp-content\/uploads\/2021\/12\/ROGATICA-1-768x512.jpg 768w, https:\/\/ecdl.ba\/wp-content\/uploads\/2021\/12\/ROGATICA-1-18x12.jpg 18w, https:\/\/ecdl.ba\/wp-content\/uploads\/2021\/12\/ROGATICA-1.jpg 1200w\" sizes=\"(max-width: 1024px) 100vw, 1024px\" \/>\t\t\t\t\t\t\t\t\t\t\t\t\t<\/div>\n\t\t\t\t<\/div>\n\t\t\t\t\t<\/div>\n\t\t<\/div>\n\t\t\t\t<div class=\"elementor-column elementor-col-33 elementor-top-column elementor-element elementor-element-c5c9df7\" data-id=\"c5c9df7\" data-element_type=\"column\">\n\t\t\t<div class=\"elementor-widget-wrap elementor-element-populated\">\n\t\t\t\t\t\t<div class=\"elementor-element elementor-element-46ecf12 elementor-widget elementor-widget-image\" data-id=\"46ecf12\" data-element_type=\"widget\" data-widget_type=\"image.default\">\n\t\t\t\t<div class=\"elementor-widget-container\">\n\t\t\t\t\t\t\t\t\t\t\t\t\t<img loading=\"lazy\" decoding=\"async\" width=\"938\" height=\"625\" src=\"https:\/\/ecdl.ba\/wp-content\/uploads\/2021\/12\/TOMISLAVGRAD-2-1.jpg\" class=\"attachment-large size-large wp-image-497\" alt=\"\" srcset=\"https:\/\/ecdl.ba\/wp-content\/uploads\/2021\/12\/TOMISLAVGRAD-2-1.jpg 938w, https:\/\/ecdl.ba\/wp-content\/uploads\/2021\/12\/TOMISLAVGRAD-2-1-300x200.jpg 300w, https:\/\/ecdl.ba\/wp-content\/uploads\/2021\/12\/TOMISLAVGRAD-2-1-768x512.jpg 768w, https:\/\/ecdl.ba\/wp-content\/uploads\/2021\/12\/TOMISLAVGRAD-2-1-18x12.jpg 18w\" sizes=\"(max-width: 938px) 100vw, 938px\" \/>\t\t\t\t\t\t\t\t\t\t\t\t\t<\/div>\n\t\t\t\t<\/div>\n\t\t\t\t\t<\/div>\n\t\t<\/div>\n\t\t\t\t\t<\/div>\n\t\t<\/section>\n\t\t\t\t<\/div>","protected":false},"excerpt":{"rendered":"<p>\u010clanica svjetskih organizacija ECDL Fondacija kao nosilac je me\u0111unarodno priznatog ECDL\/ICDL standarda za certificiranje vje\u0161tina kori\u0161tenja informacionih i komunikacijskih tehnologija, svake godine dodijeljuje nagrade najuspje\u0161nijim projektima.Asocijacija za projekat \u201eGirl&#8217; SelfeSTEM\u201c na forumu u Pragu 2018. Godine dobila najve\u0107e priznanje za oblast ECDL u obrazovanju, \u010dime smo krunisali na\u0161 rad i uspje\u0161nost projekta.<\/p>","protected":false},"author":1,"featured_media":0,"parent":0,"menu_order":0,"comment_status":"closed","ping_status":"closed","template":"","meta":{"footnotes":""},"class_list":["post-10","page","type-page","status-publish","hentry"],"_links":{"self":[{"href":"https:\/\/ecdl.ba\/en\/wp-json\/wp\/v2\/pages\/10","targetHints":{"allow":["GET"]}}],"collection":[{"href":"https:\/\/ecdl.ba\/en\/wp-json\/wp\/v2\/pages"}],"about":[{"href":"https:\/\/ecdl.ba\/en\/wp-json\/wp\/v2\/types\/page"}],"author":[{"embeddable":true,"href":"https:\/\/ecdl.ba\/en\/wp-json\/wp\/v2\/users\/1"}],"replies":[{"embeddable":true,"href":"https:\/\/ecdl.ba\/en\/wp-json\/wp\/v2\/comments?post=10"}],"version-history":[{"count":97,"href":"https:\/\/ecdl.ba\/en\/wp-json\/wp\/v2\/pages\/10\/revisions"}],"predecessor-version":[{"id":532,"href":"https:\/\/ecdl.ba\/en\/wp-json\/wp\/v2\/pages\/10\/revisions\/532"}],"wp:attachment":[{"href":"https:\/\/ecdl.ba\/en\/wp-json\/wp\/v2\/media?parent=10"}],"curies":[{"name":"wp","href":"https:\/\/api.w.org\/{rel}","templated":true}]}}